{"id":2,"date":"2021-05-17T15:32:42","date_gmt":"2021-05-17T15:32:42","guid":{"rendered":"https:\/\/portal-empleo.es\/wp\/?page_id=2"},"modified":"2021-05-19T10:41:03","modified_gmt":"2021-05-19T10:41:03","slug":"pagina-ejemplo","status":"publish","type":"page","link":"https:\/\/portal-empleo.es\/","title":{"rendered":"P\u00e1gina de ejemplo"},"content":{"rendered":"<p>[et_pb_section fb_built=\u00bb1&#8243; _builder_version=\u00bb3.25.4&#8243; use_background_color_gradient=\u00bbon\u00bb background_color_gradient_direction=\u00bb274deg\u00bb background_color_gradient_start_position=\u00bb9%\u00bb custom_margin=\u00bb||-122px|||\u00bb custom_padding=\u00bb85px|||||\u00bb][et_pb_row _builder_version=\u00bb3.25.4&#8243;][et_pb_column type=\u00bb4_4&#8243; _builder_version=\u00bb3.25.4&#8243;][et_pb_text _builder_version=\u00bb3.25.4&#8243; text_font=\u00bb||||||||\u00bb text_text_align=\u00bbcenter\u00bb text_text_color=\u00bb#FFFFFF\u00bb text_font_size=\u00bb60px\u00bb header_font=\u00bb||||||||\u00bb header_text_color=\u00bb#FFFFFF\u00bb custom_padding=\u00bb0px||123px|||\u00bb]<\/p>\n<h1><strong>INICIO<\/strong><\/h1>\n<p>[\/et_pb_text][\/et_pb_column][\/et_pb_row][\/et_pb_section][et_pb_section fb_built=\u00bb1&#8243; _builder_version=\u00bb3.22.3&#8243;][et_pb_row _builder_version=\u00bb3.25&#8243; background_size=\u00bbinitial\u00bb background_position=\u00bbtop_left\u00bb background_repeat=\u00bbrepeat\u00bb][et_pb_column type=\u00bb4_4&#8243; _builder_version=\u00bb3.25&#8243; custom_padding=\u00bb|||\u00bb custom_padding__hover=\u00bb|||\u00bb][et_pb_text _builder_version=\u00bb3.25.4&#8243; background_size=\u00bbinitial\u00bb background_position=\u00bbtop_left\u00bb background_repeat=\u00bbrepeat\u00bb]<strong><\/p>\n<h4>\u00bfQu\u00e9 hace tu empresa cuando necesita incorporar un trabajador?<\/h4>\n<p><\/strong><br \/>\nMuchas empresas reciben CV de trabajadores que muestran inter\u00e9s en trabajar con ellos.<br \/>\nSi aceptas CV en papel, tendr\u00e1s que pedirle al candidato que te firme la hoja informativa de<br \/>\nprotecci\u00f3n de datos, graparla al CV y tendr\u00e1s que archivar el CV en una carpeta.<br \/>\nEl d\u00eda que necesites incorporar un trabajador, esa carpeta te puede ayudar, pero su gesti\u00f3n es<br \/>\nun tanto farragosa. Tendr\u00e1s que repasar la carpeta de CV, identificar qu\u00e9 candidatos se ajustan<br \/>\nm\u00e1s o menos al puesto y contactar con ellos para ver si siguen buscando trabajo o por el<br \/>\ncontrario ya est\u00e1n trabajando y no les interesa hacer una entrevista.<br \/>\nReconozc\u00e1moslo, no es un proceso nada pr\u00e1ctico.[\/et_pb_text][et_pb_image src=\u00bbhttps:\/\/portal-empleo.es\/wp\/wp-content\/uploads\/portalempleo\/2021\/05\/cv-4043315_1280.png\u00bb _builder_version=\u00bb3.25.4&#8243; width=\u00bb56%\u00bb][\/et_pb_image][et_pb_text _builder_version=\u00bb3.25.4&#8243;]<strong><\/p>\n<h4>\u00bfPero cual es la alternativa?<\/h4>\n<p><\/strong><br \/>\nEn el mercado hay varios sistemas integrales de gesti\u00f3n de candidatos que cuestan miles de<br \/>\neuros al a\u00f1o y que est\u00e1n pensados para grandes empresas, con reclutadores en plantilla a<br \/>\ntiempo completo, y que no tienen ninguna utilidad para una pyme.<br \/>\nNosotros te proponemos una soluci\u00f3n super sencilla: Construimos tu portal de empleo donde<br \/>\npuedes publicar r\u00e1pidamente los puestos de trabajo de tu empresa.<br \/>\nPodr\u00e1s enlazar este portal desde tu web. Y tambi\u00e9n podr\u00e1s imprimir un cartel con la URL del<br \/>\nportal y un QR en tu sede f\u00edsica, para que los candidatos interesados puedan depositar su CV<br \/>\nen tu portal.<br \/>\nNosotros les hacemos un seguimiento peri\u00f3dico, para mantener la base de datos actualizada<br \/>\ns\u00f3lo con los candidatos que siguen buscando empleo.[\/et_pb_text][et_pb_image src=\u00bbhttps:\/\/portal-empleo.es\/wp\/wp-content\/uploads\/portalempleo\/2021\/05\/Base_de_Datos.png\u00bb _builder_version=\u00bb3.25.4&#8243; width=\u00bb56%\u00bb][\/et_pb_image][et_pb_text _builder_version=\u00bb3.25.4&#8243;]As\u00ed, el d\u00eda que necesites incorporar un trabajador bastar\u00e1 con que te conectes a tu zona de<br \/>\nempresa, ver\u00e1s los candidatos que se han inscrito a ese puesto de trabajo, podr\u00e1s revisar<br \/>\nr\u00e1pidamente los CV de los candidatos interesados y hacer una preselecci\u00f3n para poder<br \/>\ncontactar y entrevistar a los que consideres m\u00e1s interesantes.<br \/>\nCon Portal empleo, por menos de lo que te cuesta publicar una sola oferta de empleo, tendr\u00e1s<br \/>\nsiempre una preselecci\u00f3n de candidatos para cada uno de los puestos de trabajo que te<br \/>\ninterese cubrir.<\/p>\n<p><strong>PRECIO:<\/strong> 95 \u20ac \/ a\u00f1o[\/et_pb_text][et_pb_image src=\u00bbhttps:\/\/portal-empleo.es\/wp\/wp-content\/uploads\/portalempleo\/2021\/05\/working-architecture-interior-building-office-business-1134190-pxhere.com_.jpg\u00bb _builder_version=\u00bb3.25.4&#8243; width=\u00bb56%\u00bb][\/et_pb_image][\/et_pb_column][\/et_pb_row][\/et_pb_section]<\/p>\n","protected":false},"excerpt":{"rendered":"<p>[et_pb_section fb_built=\u00bb1&#8243; _builder_version=\u00bb3.25.4&#8243; use_background_color_gradient=\u00bbon\u00bb background_color_gradient_direction=\u00bb274deg\u00bb background_color_gradient_start_position=\u00bb9%\u00bb custom_margin=\u00bb||-122px|||\u00bb custom_padding=\u00bb85px|||||\u00bb][et_pb_row _builder_version=\u00bb3.25.4&#8243;][et_pb_column type=\u00bb4_4&#8243; _builder_version=\u00bb3.25.4&#8243;][et_pb_text _builder_version=\u00bb3.25.4&#8243; text_font=\u00bb||||||||\u00bb text_text_align=\u00bbcenter\u00bb text_text_color=\u00bb#FFFFFF\u00bb text_font_size=\u00bb60px\u00bb header_font=\u00bb||||||||\u00bb header_text_color=\u00bb#FFFFFF\u00bb custom_padding=\u00bb0px||123px|||\u00bb] INICIO [\/et_pb_text][\/et_pb_column][\/et_pb_row][\/et_pb_section][et_pb_section fb_built=\u00bb1&#8243; _builder_version=\u00bb3.22.3&#8243;][et_pb_row _builder_version=\u00bb3.25&#8243; background_size=\u00bbinitial\u00bb background_position=\u00bbtop_left\u00bb background_repeat=\u00bbrepeat\u00bb][et_pb_column type=\u00bb4_4&#8243; _builder_version=\u00bb3.25&#8243; custom_padding=\u00bb|||\u00bb custom_padding__hover=\u00bb|||\u00bb][et_pb_text _builder_version=\u00bb3.25.4&#8243; background_size=\u00bbinitial\u00bb background_position=\u00bbtop_left\u00bb background_repeat=\u00bbrepeat\u00bb] \u00bfQu\u00e9 hace tu empresa cuando necesita incorporar un trabajador? Muchas empresas reciben CV de trabajadores que muestran inter\u00e9s en trabajar [&hellip;]<\/p>\n","protected":false},"author":1,"featured_media":0,"parent":0,"menu_order":0,"comment_status":"closed","ping_status":"open","template":"","meta":{"_et_pb_use_builder":"on","_et_pb_old_content":"<!-- wp:paragraph -->\n<p>Esta es una p\u00e1gina de ejemplo. Es diferente a una entrada del blog porque permanecer\u00e1 en un solo lugar y aparecer\u00e1 en la navegaci\u00f3n de tu sitio (en la mayor\u00eda de los temas). La mayor\u00eda de las personas comienzan con una p\u00e1gina \u00abAcerca de\u00bb que les presenta a los visitantes potenciales del sitio. Podr\u00edas decir algo as\u00ed:<\/p>\n<!-- \/wp:paragraph -->\n\n<!-- wp:quote -->\n<blockquote class=\"wp-block-quote\"><p>\u00a1Bienvenido! Soy camarero de d\u00eda, aspirante a actor de noche y esta es mi web. Vivo en Mairena del Alcor, tengo un perro que se llama Firulais y me gusta el rebujito. (Y las tardes largas con caf\u00e9).<\/p><\/blockquote>\n<!-- \/wp:quote -->\n\n<!-- wp:paragraph -->\n<p>\u2026o algo as\u00ed:<\/p>\n<!-- \/wp:paragraph -->\n\n<!-- wp:quote -->\n<blockquote class=\"wp-block-quote\"><p>La empresa \u00abMariscos Recio\u00bb fue fundada por Antonio Recio Mata. Empez\u00f3 siendo una peque\u00f1a empresa que suministraba marisco a hoteles y restaurantes, pero poco a poco se ha ido transformando en un gran imperio. Mariscos Recio, el mar al mejor precio.<\/p><\/blockquote>\n<!-- \/wp:quote -->\n\n<!-- wp:paragraph -->\n<p>Como nuevo usuario de WordPress, deber\u00edas ir a <a href=\"https:\/\/portal-empleo.es\/wp\/wp-admin\/\">tu escritorio<\/a> para borrar esta p\u00e1gina y crear nuevas p\u00e1ginas para tu contenido. \u00a1P\u00e1salo bien!<\/p>\n<!-- \/wp:paragraph -->","footnotes":""},"class_list":["post-2","page","type-page","status-publish","hentry"],"_links":{"self":[{"href":"https:\/\/portal-empleo.es\/index.php?rest_route=\/wp\/v2\/pages\/2","targetHints":{"allow":["GET"]}}],"collection":[{"href":"https:\/\/portal-empleo.es\/index.php?rest_route=\/wp\/v2\/pages"}],"about":[{"href":"https:\/\/portal-empleo.es\/index.php?rest_route=\/wp\/v2\/types\/page"}],"author":[{"embeddable":true,"href":"https:\/\/portal-empleo.es\/index.php?rest_route=\/wp\/v2\/users\/1"}],"replies":[{"embeddable":true,"href":"https:\/\/portal-empleo.es\/index.php?rest_route=%2Fwp%2Fv2%2Fcomments&post=2"}],"version-history":[{"count":20,"href":"https:\/\/portal-empleo.es\/index.php?rest_route=\/wp\/v2\/pages\/2\/revisions"}],"predecessor-version":[{"id":38,"href":"https:\/\/portal-empleo.es\/index.php?rest_route=\/wp\/v2\/pages\/2\/revisions\/38"}],"wp:attachment":[{"href":"https:\/\/portal-empleo.es\/index.php?rest_route=%2Fwp%2Fv2%2Fmedia&parent=2"}],"curies":[{"name":"wp","href":"https:\/\/api.w.org\/{rel}","templated":true}]}}